{"id":17442,"date":"2023-10-30T07:30:40","date_gmt":"2023-10-30T07:30:40","guid":{"rendered":"https:\/\/cute-fashion.si\/privacy-policy\/"},"modified":"2024-04-06T09:04:23","modified_gmt":"2024-04-06T09:04:23","slug":"obdelava-osebnih-podatkov","status":"publish","type":"page","link":"https:\/\/cute-fashion.si\/sl\/obdelava-osebnih-podatkov\/","title":{"rendered":"Obdelava osebnih podatkov"},"content":{"rendered":"\t\t<div data-elementor-type=\"wp-page\" data-elementor-id=\"17442\" class=\"elementor elementor-17442 elementor-3\">\n\t\t\t\t\t\t<section class=\"elementor-section elementor-top-section elementor-element elementor-element-529b783e elementor-section-boxed elementor-section-height-default elementor-section-height-default wd-section-disabled\" data-id=\"529b783e\" data-element_type=\"section\">\n\t\t\t\t\t\t<div class=\"elementor-container elementor-column-gap-default\">\n\t\t\t\t\t<div class=\"elementor-column elementor-col-100 elementor-top-column elementor-element elementor-element-4ef87ca2\" data-id=\"4ef87ca2\" data-element_type=\"column\">\n\t\t\t<div class=\"elementor-widget-wrap elementor-element-populated\">\n\t\t\t\t\t\t<div class=\"elementor-element elementor-element-14a7f436 color-scheme-inherit text-left elementor-widget elementor-widget-text-editor\" data-id=\"14a7f436\" data-element_type=\"widget\" data-widget_type=\"text-editor.default\">\n\t\t\t\t<div class=\"elementor-widget-container\">\n\t\t\t\t\t\t\t\t\t<p><em>V procesu zagotavljanja najvi\u0161je kakovosti na\u0161ih storitev namenjenih vam, ki z nami sodelujete, obdelujemo tudi va\u0161e podatke. Z va\u0161imi osebnimi podatki upravljamo z najve\u010djo skrbnostjo, upo\u0161tevajo\u010d veljavno zakonodajo in najvi\u0161je standarde njihove obravnave. Bistvo na\u0161ih aktivnosti v zvezi z upravljanjem va\u0161ih osebnih podatkov je, da vam omogo\u010dimo nadzor in informiranost, kaj se dogaja z va\u0161imi osebnimi podatki v na\u0161em upravljanju.<\/em><\/p>\n<p><em>Podlage za obdelavo va\u0161ih osebnih podatkov lahko razvrstimo v naslednje skupine:<\/em><\/p>\n<ul>\n<li><em>obdelava je potrebna za izvajanje pogodbe,<\/em><\/li>\n<li><em>obdelava za izpolnjevanje zakonskih obveznosti, ki veljajo za ponudnike spletne trgovine,<\/em><\/li>\n<li><em>obdelava v katero v okviru na\u0161ega sodelovanja prostovoljno privolite;<\/em><\/li>\n<\/ul>\n<p><em>V zvezi z nakupom storitev preko spletne trgovine se obdelujejo podatki o kupcu. Zbrane osebne podatke o kupcih obdelujemo za opravljanje obveznosti, h katerim smo se zavezali s sklenitvijo pogodbe z vami. V skladu z zakonom z va\u0161e strani prejmemo naslednje podatke za izvajanje pogodbe: va\u0161e osebno ime in priimek, naslov, email, kontaktno \u0161tevilko . V primeru poslovnega naro\u010dnika so ti podatki firma, njegova organizacijska oblika, naslov ter dav\u010dna \u0161tevilka . S podlago izvajanja pogodbe podatke obdelujemo za namene izvr\u0161evanja va\u0161ih in na\u0161ih pravic in obveznosti (sklepanje pogodbe, izvajanje pogodbe, dobava blaga in drugih pogodbenih obveznosti), obra\u010dun in zara\u010dunavanje kupljenega blaga. Enako podlago uporabljamo za namen izvajanje podpore naro\u010dnikom. Za potrebe izvajanja pogodbe obdelujemo: podatke o naro\u010denih storitvah in kupljenem blagu, va\u0161e kontaktne podatke, ki so telefonske \u0161tevilke in naslovi e-po\u0161te, podatke za po\u0161iljanje ra\u010duna in za izvedbo pla\u010dila ra\u010duna, podatke o morebitnih poobla\u0161\u010denih osebah, ki namesto vas skrbijo za izvajanje pogodbe, vklju\u010dno s pla\u010dili, podajanjem zahtev za spremembo pogodbe, podatke o izdaji ra\u010dunov in njihovem pla\u010dilu.<\/em><\/p>\n<p><em>Ob obisku spletnih strani se obdelujejo osebni podatki obiskovalcev, ki jih uporabljamo za napredno spletno ogla\u0161evanje in spletno analitiko. Obdelavi osebnih podatkov se izognete z ustreznimi nastavitvami pi\u0161kotkov in vti\u010dnikov ob obisku spletne strani ali ustreznimi nastavitvami za uporabo pi\u0161kotkov na spletnem brskalniku, ki ga uporabljate. Ve\u010d o pi\u0161kotkih si preberite&nbsp;<a href=\"https:\/\/gov-wood.com\/piskotki\/\">tukaj<\/a><\/em><\/p>\n<p><em>V kolikor \u017eelite, se lahko ob prijavi prijavite na obve\u0161\u010danje o ponudbi spletne trgovine. V kolikor boste podali soglasje, boste prejemali novi\u010dke in obvestila o ponudbi spletne trgovine. Privolitev lahko kadarkoli prekli\u010dete. Pravico preklica privolitve obdelave uveljavljate na enak na\u010din kot ste podali privolitev obdelavi osebnih podatkov ali pa s pisno zahtevo, ki jo posredujete na naslov sede\u017ea spletne trgovine.<\/em><\/p>\n<p><em>Obdobje hrambe podatkov je dolo\u010deno glede na kategorijo posameznih podatkov. Podatke hranimo najve\u010d toliko \u010dasa, kolikor je potrebno za dosego namena, zaradi katerega smo jih zbrali ali nadalje obdelali oziroma do poteka zastaralnih rokov za izpolnitev obveznosti ali zakonsko predpisanega roka hrambe. Po poteku obdobja hrambe se podatki zbri\u0161ejo, uni\u010dijo, blokirajo ali anonimizirajo, \u010de zakon za posamezno vrsto podatkov ne dolo\u010da druga\u010de.<\/em><\/p>\n<p><em>Posamezniki lahko od nas zahtevate dostop do osebnih podatkov, popravek, izbris ali omejitev obdelave va\u0161ih osebnih podatkov, imate pravici do ugovora obdelavi in prenosljivosti va\u0161ih osebnih podatkov.<\/em><\/p>\n<p><em>Zahtevek oddajte na elektronski naslov&nbsp;<\/em><\/p>\n<p><font color=\"#333333\"><i>info.bakhoplus@gmail.com<\/i><\/font><br><\/p>\t\t\t\t\t\t\t\t<\/div>\n\t\t\t\t<\/div>\n\t\t\t\t\t<\/div>\n\t\t<\/div>\n\t\t\t\t\t<\/div>\n\t\t<\/section>\n\t\t\t\t<\/div>\n\t\t","protected":false},"excerpt":{"rendered":"<p>V procesu zagotavljanja najvi\u0161je kakovosti na\u0161ih storitev namenjenih vam, ki z nami sodelujete, obdelujemo tudi va\u0161e podatke. Z va\u0161imi osebnimi<\/p>\n","protected":false},"author":1,"featured_media":0,"parent":0,"menu_order":0,"comment_status":"closed","ping_status":"open","template":"","meta":{"footnotes":""},"class_list":["post-17442","page","type-page","status-publish","hentry"],"_links":{"self":[{"href":"https:\/\/cute-fashion.si\/sl\/wp-json\/wp\/v2\/pages\/17442","targetHints":{"allow":["GET"]}}],"collection":[{"href":"https:\/\/cute-fashion.si\/sl\/wp-json\/wp\/v2\/pages"}],"about":[{"href":"https:\/\/cute-fashion.si\/sl\/wp-json\/wp\/v2\/types\/page"}],"author":[{"embeddable":true,"href":"https:\/\/cute-fashion.si\/sl\/wp-json\/wp\/v2\/users\/1"}],"replies":[{"embeddable":true,"href":"https:\/\/cute-fashion.si\/sl\/wp-json\/wp\/v2\/comments?post=17442"}],"version-history":[{"count":8,"href":"https:\/\/cute-fashion.si\/sl\/wp-json\/wp\/v2\/pages\/17442\/revisions"}],"predecessor-version":[{"id":17506,"href":"https:\/\/cute-fashion.si\/sl\/wp-json\/wp\/v2\/pages\/17442\/revisions\/17506"}],"wp:attachment":[{"href":"https:\/\/cute-fashion.si\/sl\/wp-json\/wp\/v2\/media?parent=17442"}],"curies":[{"name":"wp","href":"https:\/\/api.w.org\/{rel}","templated":true}]}}